{"id":3730,"date":"2025-04-09T09:05:47","date_gmt":"2025-04-09T09:05:47","guid":{"rendered":"https:\/\/sino-vehicle.com\/?post_type=product&#038;p=3730"},"modified":"2025-04-09T09:05:48","modified_gmt":"2025-04-09T09:05:48","slug":"oil-water-separator","status":"publish","type":"product","link":"https:\/\/sino-vehicle.com\/tr\/urun\/oil-water-separator\/","title":{"rendered":"Ya\u011f-su separat\u00f6r\u00fc"},"content":{"rendered":"","protected":false},"excerpt":{"rendered":"","protected":false},"featured_media":3735,"comment_status":"open","ping_status":"closed","template":"","meta":{"_acf_changed":false},"product_brand":[],"product_cat":[87],"product_tag":[],"class_list":{"0":"post-3730","1":"product","2":"type-product","3":"status-publish","4":"has-post-thumbnail","6":"product_cat-engine-parts","8":"first","9":"instock","10":"shipping-taxable","11":"product-type-simple"},"acf":[],"_links":{"self":[{"href":"https:\/\/sino-vehicle.com\/tr\/wp-json\/wp\/v2\/product\/3730","targetHints":{"allow":["GET"]}}],"collection":[{"href":"https:\/\/sino-vehicle.com\/tr\/wp-json\/wp\/v2\/product"}],"about":[{"href":"https:\/\/sino-vehicle.com\/tr\/wp-json\/wp\/v2\/types\/product"}],"replies":[{"embeddable":true,"href":"https:\/\/sino-vehicle.com\/tr\/wp-json\/wp\/v2\/comments?post=3730"}],"wp:featuredmedia":[{"embeddable":true,"href":"https:\/\/sino-vehicle.com\/tr\/wp-json\/wp\/v2\/media\/3735"}],"wp:attachment":[{"href":"https:\/\/sino-vehicle.com\/tr\/wp-json\/wp\/v2\/media?parent=3730"}],"wp:term":[{"taxonomy":"product_brand","embeddable":true,"href":"https:\/\/sino-vehicle.com\/tr\/wp-json\/wp\/v2\/product_brand?post=3730"},{"taxonomy":"product_cat","embeddable":true,"href":"https:\/\/sino-vehicle.com\/tr\/wp-json\/wp\/v2\/product_cat?post=3730"},{"taxonomy":"product_tag","embeddable":true,"href":"https:\/\/sino-vehicle.com\/tr\/wp-json\/wp\/v2\/product_tag?post=3730"}],"curies":[{"name":"wp","href":"https:\/\/api.w.org\/{rel}","templated":true}]}}